{"id":740,"date":"2021-08-26T13:40:59","date_gmt":"2021-08-26T11:40:59","guid":{"rendered":"http:\/\/rr.fwch.pl\/?page_id=740"},"modified":"2023-12-05T13:04:24","modified_gmt":"2023-12-05T12:04:24","slug":"career","status":"publish","type":"page","link":"https:\/\/delipop.fwch.pl\/fr\/career\/","title":{"rendered":"Carri\u00e8re"},"content":{"rendered":"<div data-elementor-type=\"wp-page\" data-elementor-id=\"740\" class=\"elementor elementor-740\">\n\t\t\t\t\t\t<section class=\"elementor-section elementor-top-section elementor-element elementor-element-720ffbd elementor-section-height-min-height elementor-section-stretched elementor-section-boxed elementor-section-height-default elementor-section-items-middle\" data-id=\"720ffbd\" data-element_type=\"section\" id=\"e-grocery\" data-settings=\"{&quot;stretch_section&quot;:&quot;section-stretched&quot;,&quot;background_background&quot;:&quot;classic&quot;}\">\n\t\t\t\t\t\t<div class=\"elementor-container elementor-column-gap-default\">\n\t\t\t\t\t<div class=\"elementor-column elementor-col-100 elementor-top-column elementor-element elementor-element-9cc1f33\" data-id=\"9cc1f33\" data-element_type=\"column\">\n\t\t\t<div class=\"elementor-widget-wrap elementor-element-populated\">\n\t\t\t\t\t\t<section class=\"elementor-section elementor-inner-section elementor-element elementor-element-3a6469a elementor-section-full_width elementor-reverse-mobile elementor-section-height-default elementor-section-height-default\" data-id=\"3a6469a\" data-element_type=\"section\">\n\t\t\t\t\t\t<div class=\"elementor-container elementor-column-gap-default\">\n\t\t\t\t\t<div class=\"elementor-column elementor-col-50 elementor-inner-column elementor-element elementor-element-f16bd0a\" data-id=\"f16bd0a\" data-element_type=\"column\">\n\t\t\t<div class=\"elementor-widget-wrap elementor-element-populated\">\n\t\t\t\t\t\t<div class=\"elementor-element elementor-element-86e0069 elementor-widget elementor-widget-spacer\" data-id=\"86e0069\" data-element_type=\"widget\" data-widget_type=\"spacer.default\">\n\t\t\t\t<div class=\"elementor-widget-container\">\n\t\t\t\t\t\t\t<div class=\"elementor-spacer\">\n\t\t\t<div class=\"elementor-spacer-inner\"><\/div>\n\t\t<\/div>\n\t\t\t\t\t\t<\/div>\n\t\t\t\t<\/div>\n\t\t\t\t<div class=\"elementor-element elementor-element-50979a4 elementor-widget elementor-widget-heading\" data-id=\"50979a4\" data-element_type=\"widget\" data-widget_type=\"heading.default\">\n\t\t\t\t<div class=\"elementor-widget-container\">\n\t\t\t\t\t<h2 class=\"elementor-heading-title elementor-size-default\">Rejoignez Delipop<\/h2>\t\t\t\t<\/div>\n\t\t\t\t<\/div>\n\t\t\t\t<div class=\"elementor-element elementor-element-14eb978 elementor-widget elementor-widget-heading\" data-id=\"14eb978\" data-element_type=\"widget\" data-widget_type=\"heading.default\">\n\t\t\t\t<div class=\"elementor-widget-container\">\n\t\t\t\t\t<h2 class=\"elementor-heading-title elementor-size-default\">et Soyez Acteur de l'Innovation!<\/h2>\t\t\t\t<\/div>\n\t\t\t\t<\/div>\n\t\t\t\t<div class=\"elementor-element elementor-element-310576e elementor-widget__width-initial elementor-widget elementor-widget-text-editor\" data-id=\"310576e\" data-element_type=\"widget\" data-widget_type=\"text-editor.default\">\n\t\t\t\t<div class=\"elementor-widget-container\">\n\t\t\t\t\t\t\t\t\t<p>Chez Delipop, nous sommes bien plus qu'une entreprise de distribution alimentaire. Nous sommes des pionniers de l'innovation, des d\u00e9fenseurs de la durabilit\u00e9 et des cr\u00e9ateurs de changement. Si vous recherchez une carri\u00e8re qui a un impact r\u00e9el sur les villes de demain, ne cherchez pas plus loin.<\/p>\t\t\t\t\t\t\t\t<\/div>\n\t\t\t\t<\/div>\n\t\t\t\t<div class=\"elementor-element elementor-element-4139d7b elementor-align-center elementor-mobile-align-justify btn-primary-dark elementor-widget elementor-widget-button\" data-id=\"4139d7b\" data-element_type=\"widget\" data-widget_type=\"button.default\">\n\t\t\t\t<div class=\"elementor-widget-container\">\n\t\t\t\t\t\t\t\t\t<div class=\"elementor-button-wrapper\">\n\t\t\t\t\t<a class=\"elementor-button elementor-button-link elementor-size-md\" href=\"#apply-form\">\n\t\t\t\t\t\t<span class=\"elementor-button-content-wrapper\">\n\t\t\t\t\t\t\t\t\t<span class=\"elementor-button-text\">Postuler \u2192<\/span>\n\t\t\t\t\t<\/span>\n\t\t\t\t\t<\/a>\n\t\t\t\t<\/div>\n\t\t\t\t\t\t\t\t<\/div>\n\t\t\t\t<\/div>\n\t\t\t\t\t<\/div>\n\t\t<\/div>\n\t\t\t\t<div class=\"elementor-column elementor-col-50 elementor-inner-column elementor-element elementor-element-e5963e1 animateHole animateO\" data-id=\"e5963e1\" data-element_type=\"column\">\n\t\t\t<div class=\"elementor-widget-wrap elementor-element-populated\">\n\t\t\t\t\t\t<div class=\"elementor-element elementor-element-3b783d3 animate-img elementor-widget elementor-widget-image\" data-id=\"3b783d3\" data-element_type=\"widget\" data-widget_type=\"image.default\">\n\t\t\t\t<div class=\"elementor-widget-container\">\n\t\t\t\t\t\t\t\t\t\t\t\t\t\t\t<img fetchpriority=\"high\" decoding=\"async\" width=\"768\" height=\"809\" src=\"https:\/\/delipop.fwch.pl\/wp-content\/uploads\/2022\/02\/Mask-Group-26a@2x-768x809.png\" class=\"attachment-medium_large size-medium_large wp-image-6218\" alt=\"\" srcset=\"https:\/\/delipop.fwch.pl\/wp-content\/uploads\/2022\/02\/Mask-Group-26a@2x-768x809.png 768w, https:\/\/delipop.fwch.pl\/wp-content\/uploads\/2022\/02\/Mask-Group-26a@2x-285x300.png 285w, https:\/\/delipop.fwch.pl\/wp-content\/uploads\/2022\/02\/Mask-Group-26a@2x-11x12.png 11w, https:\/\/delipop.fwch.pl\/wp-content\/uploads\/2022\/02\/Mask-Group-26a@2x.png 954w, https:\/\/delipop.fwch.pl\/wp-content\/uploads\/2022\/02\/Mask-Group-26a@2x-285x300@2x.png 570w, https:\/\/delipop.fwch.pl\/wp-content\/uploads\/2022\/02\/Mask-Group-26a@2x-11x12@2x.png 22w\" sizes=\"(max-width: 768px) 100vw, 768px\" \/>\t\t\t\t\t\t\t\t\t\t\t\t\t\t\t<\/div>\n\t\t\t\t<\/div>\n\t\t\t\t<div class=\"elementor-element elementor-element-a2b066f eye elementor-hidden-desktop elementor-hidden-tablet elementor-hidden-mobile elementor-widget elementor-widget-image\" data-id=\"a2b066f\" data-element_type=\"widget\" data-widget_type=\"image.default\">\n\t\t\t\t<div class=\"elementor-widget-container\">\n\t\t\t\t\t\t\t\t\t\t\t\t\t\t\t<img decoding=\"async\" width=\"390\" height=\"321\" src=\"https:\/\/delipop.fwch.pl\/wp-content\/uploads\/2022\/02\/Group-1392@2x.png\" class=\"attachment-medium_large size-medium_large wp-image-6219\" alt=\"\" srcset=\"https:\/\/delipop.fwch.pl\/wp-content\/uploads\/2022\/02\/Group-1392@2x.png 390w, https:\/\/delipop.fwch.pl\/wp-content\/uploads\/2022\/02\/Group-1392@2x-300x247.png 300w, https:\/\/delipop.fwch.pl\/wp-content\/uploads\/2022\/02\/Group-1392@2x-15x12.png 15w, https:\/\/delipop.fwch.pl\/wp-content\/uploads\/2022\/02\/Group-1392@2x-15x12@2x.png 30w\" sizes=\"(max-width: 390px) 100vw, 390px\" \/>\t\t\t\t\t\t\t\t\t\t\t\t\t\t\t<\/div>\n\t\t\t\t<\/div>\n\t\t\t\t<div class=\"elementor-element elementor-element-2f48d56 eye elementor-widget elementor-widget-image\" data-id=\"2f48d56\" data-element_type=\"widget\" data-widget_type=\"image.default\">\n\t\t\t\t<div class=\"elementor-widget-container\">\n\t\t\t\t\t\t\t\t\t\t\t\t\t\t\t<img decoding=\"async\" src=\"https:\/\/delipop.fwch.pl\/wp-content\/uploads\/elementor\/thumbs\/Group-1626c@2x-prbdtmshk32vkrtgoo0iet7wlsyzw98y7idlm3ymdi.png\" title=\"Group 1626c@2x\" alt=\"Group 1626c@2x\" loading=\"lazy\" \/>\t\t\t\t\t\t\t\t\t\t\t\t\t\t\t<\/div>\n\t\t\t\t<\/div>\n\t\t\t\t<div class=\"elementor-element elementor-element-4d837f8 eye elementor-widget elementor-widget-image\" data-id=\"4d837f8\" data-element_type=\"widget\" data-widget_type=\"image.default\">\n\t\t\t\t<div class=\"elementor-widget-container\">\n\t\t\t\t\t\t\t\t\t\t\t\t\t\t\t<img decoding=\"async\" src=\"https:\/\/delipop.fwch.pl\/wp-content\/uploads\/elementor\/thumbs\/Group-1626a@2x-prbdep4syumv3tifw7lwskw8tel1ldyhhl7v3u3t8m.png\" title=\"Group 1626a@2x\" alt=\"Group 1626a@2x\" loading=\"lazy\" \/>\t\t\t\t\t\t\t\t\t\t\t\t\t\t\t<\/div>\n\t\t\t\t<\/div>\n\t\t\t\t<div class=\"elementor-element elementor-element-7e32da3 blinking elementor-widget elementor-widget-html\" data-id=\"7e32da3\" data-element_type=\"widget\" data-widget_type=\"html.default\">\n\t\t\t\t<div class=\"elementor-widget-container\">\n\t\t\t\t\t<?xml version=\"1.0\" encoding=\"utf-8\"?>\r\n<!-- Generator: Adobe Illustrator 16.0.0, SVG Export Plug-In . SVG Version: 6.00 Build 0)  -->\r\n<!DOCTYPE svg PUBLIC \"-\/\/W3C\/\/DTD SVG 1.1\/\/EN\" \"http:\/\/www.w3.org\/Graphics\/SVG\/1.1\/DTD\/svg11.dtd\">\r\n<svg version=\"1.1\" id=\"Warstwa_1\" xmlns=\"http:\/\/www.w3.org\/2000\/svg\" xmlns:xlink=\"http:\/\/www.w3.org\/1999\/xlink\" x=\"0px\" y=\"0px\"\r\n\t width=\"162px\" height=\"115px\" viewbox=\"0 0 327 234\" style=\"enable-background:new 0 0 327 234;\" xml:space=\"preserve\">\r\n<style type=\"text\/css\">\r\n\r\n\t.st0{opacity:0;fill:#FFEB3E;}\r\n\t.st1{fill:#FFEB3E;}\r\n\r\n<\/style>\r\n<path id=\"closed\" transform=\"translate(163, 117)\" class=\"st0\" d=\"M-163.5,0C-137.6-60.5-72-117,0-117S141.9-60,163.5,0C143.9,59.4,72,117,0,117\tC-70.5,117-140,60-163.5,0z\">\r\n<\/path>\r\n<path id=\"open\" transform=\"translate(163, 117)\" class=\"st1\" d=\"M-163.5,0C-137.6-60.5-72-117,0-117S141.9-60,163.5,0C132.6-51.3,72-95,0-95\tC-70.5-95-134.8-46.7-163.5,0z\"\/>\r\n<\/svg>\r\n\t\t\t\t<\/div>\n\t\t\t\t<\/div>\n\t\t\t\t\t<\/div>\n\t\t<\/div>\n\t\t\t\t\t<\/div>\n\t\t<\/section>\n\t\t\t\t\t<\/div>\n\t\t<\/div>\n\t\t\t\t\t<\/div>\n\t\t<\/section>\n\t\t\t\t<section class=\"elementor-section elementor-top-section elementor-element elementor-element-504f540 elementor-section-stretched elementor-section-boxed elementor-section-height-default elementor-section-height-default\" data-id=\"504f540\" data-element_type=\"section\" data-settings=\"{&quot;stretch_section&quot;:&quot;section-stretched&quot;,&quot;background_background&quot;:&quot;classic&quot;}\">\n\t\t\t\t\t\t<div class=\"elementor-container elementor-column-gap-default\">\n\t\t\t\t\t<div class=\"elementor-column elementor-col-100 elementor-top-column elementor-element elementor-element-2fe9d4d\" data-id=\"2fe9d4d\" data-element_type=\"column\">\n\t\t\t<div class=\"elementor-widget-wrap elementor-element-populated\">\n\t\t\t\t\t\t<section class=\"elementor-section elementor-inner-section elementor-element elementor-element-ad0315a elementor-section-content-middle elementor-section-boxed elementor-section-height-default elementor-section-height-default\" data-id=\"ad0315a\" data-element_type=\"section\">\n\t\t\t\t\t\t<div class=\"elementor-container elementor-column-gap-default\">\n\t\t\t\t\t<div class=\"elementor-column elementor-col-50 elementor-inner-column elementor-element elementor-element-3b5bbd7\" data-id=\"3b5bbd7\" data-element_type=\"column\">\n\t\t\t<div class=\"elementor-widget-wrap elementor-element-populated\">\n\t\t\t\t\t\t<div class=\"elementor-element elementor-element-47bd3ac elementor-widget elementor-widget-heading\" data-id=\"47bd3ac\" data-element_type=\"widget\" data-widget_type=\"heading.default\">\n\t\t\t\t<div class=\"elementor-widget-container\">\n\t\t\t\t\t<h2 class=\"elementor-heading-title elementor-size-default translation-block\">PENS\u00c9E \u00c0 L'ID\u00c9E DE TRAVAILLER<\/h2>\t\t\t\t<\/div>\n\t\t\t\t<\/div>\n\t\t\t\t<div class=\"elementor-element elementor-element-72a6e8a elementor-widget elementor-widget-heading\" data-id=\"72a6e8a\" data-element_type=\"widget\" data-widget_type=\"heading.default\">\n\t\t\t\t<div class=\"elementor-widget-container\">\n\t\t\t\t\t<h2 class=\"elementor-heading-title elementor-size-default translation-block\">POUR L'ENTREPRISE LA PLUS INNOVANTE DANS LE DOMAINE DE L'\u00c9PICERIE EN LIGNE ?<\/h2>\t\t\t\t<\/div>\n\t\t\t\t<\/div>\n\t\t\t\t<div class=\"elementor-element elementor-element-2894ff5 elementor-align-center elementor-widget elementor-widget-button\" data-id=\"2894ff5\" data-element_type=\"widget\" data-widget_type=\"button.default\">\n\t\t\t\t<div class=\"elementor-widget-container\">\n\t\t\t\t\t\t\t\t\t<div class=\"elementor-button-wrapper\">\n\t\t\t\t\t<a class=\"elementor-button elementor-button-link elementor-size-sm\" href=\"#apply-form\">\n\t\t\t\t\t\t<span class=\"elementor-button-content-wrapper\">\n\t\t\t\t\t\t\t\t\t<span class=\"elementor-button-text\">Postuler \u2192<\/span>\n\t\t\t\t\t<\/span>\n\t\t\t\t\t<\/a>\n\t\t\t\t<\/div>\n\t\t\t\t\t\t\t\t<\/div>\n\t\t\t\t<\/div>\n\t\t\t\t\t<\/div>\n\t\t<\/div>\n\t\t\t\t<div class=\"elementor-column elementor-col-50 elementor-inner-column elementor-element elementor-element-4f77e42\" data-id=\"4f77e42\" data-element_type=\"column\">\n\t\t\t<div class=\"elementor-widget-wrap elementor-element-populated\">\n\t\t\t\t\t\t<div class=\"elementor-element elementor-element-5c4819c contact-form elementor-widget elementor-widget-shortcode\" data-id=\"5c4819c\" data-element_type=\"widget\" id=\"apply-form\" data-widget_type=\"shortcode.default\">\n\t\t\t\t<div class=\"elementor-widget-container\">\n\t\t\t\t\t\t\t<div class=\"elementor-shortcode\">\n<div class=\"wpcf7 no-js\" id=\"wpcf7-f8070-o1\" lang=\"en-GB\" dir=\"ltr\">\n<div class=\"screen-reader-response\"><p role=\"status\" aria-live=\"polite\" aria-atomic=\"true\"><\/p> <ul><\/ul><\/div>\n<form action=\"\/fr\/wp-json\/wp\/v2\/pages\/740#wpcf7-f8070-o1\" method=\"post\" class=\"wpcf7-form init\" aria-label=\"Contact form\" enctype=\"multipart\/form-data\" novalidate=\"novalidate\" data-status=\"init\" data-trp-original-action=\"\/fr\/wp-json\/wp\/v2\/pages\/740#wpcf7-f8070-o1\">\n<div style=\"display: none;\">\n<input type=\"hidden\" name=\"_wpcf7\" value=\"8070\" \/>\n<input type=\"hidden\" name=\"_wpcf7_version\" value=\"5.9.5\" \/>\n<input type=\"hidden\" name=\"_wpcf7_locale\" value=\"en_GB\" \/>\n<input type=\"hidden\" name=\"_wpcf7_unit_tag\" value=\"wpcf7-f8070-o1\" \/>\n<input type=\"hidden\" name=\"_wpcf7_container_post\" value=\"0\" \/>\n<input type=\"hidden\" name=\"_wpcf7_posted_data_hash\" value=\"\" \/>\n<\/div>\n<div class=\"form-field\">\n\t<p><span class=\"wpcf7-form-control-wrap\" data-name=\"your-name\"><input size=\"40\" class=\"wpcf7-form-control wpcf7-text wpcf7-validates-as-required\" aria-required=\"true\" aria-invalid=\"false\" placeholder=\"Votre nom et pr\u00e9nom\" value=\"\" type=\"text\" name=\"your-name\" \/><\/span>\n\t<\/p>\n<\/div>\n<div class=\"form-field\">\n\t<p><span class=\"wpcf7-form-control-wrap\" data-name=\"your-email\"><input size=\"40\" class=\"wpcf7-form-control wpcf7-email wpcf7-validates-as-required wpcf7-text wpcf7-validates-as-email\" aria-required=\"true\" aria-invalid=\"false\" placeholder=\"Votre adresse \u00e9lectronique\" value=\"\" type=\"email\" name=\"your-email\" \/><\/span>\n\t<\/p>\n<\/div>\n<div class=\"form-field\">\n\t<p><span class=\"wpcf7-form-control-wrap\" data-name=\"your-phone\"><input size=\"40\" class=\"wpcf7-form-control wpcf7-tel wpcf7-validates-as-required wpcf7-text wpcf7-validates-as-tel\" aria-required=\"true\" aria-invalid=\"false\" placeholder=\"Votre num\u00e9ro de t\u00e9l\u00e9phone\" value=\"\" type=\"tel\" name=\"your-phone\" \/><\/span>\n\t<\/p>\n<\/div>\n<div class=\"form-field\">\n\t<p><span class=\"wpcf7-form-control-wrap\" data-name=\"cover-letter\"><textarea cols=\"40\" rows=\"10\" class=\"wpcf7-form-control wpcf7-textarea wpcf7-validates-as-required\" aria-required=\"true\" aria-invalid=\"false\" placeholder=\"Lettre de motivation\" name=\"cover-letter\"><\/textarea><\/span>\n\t<\/p>\n<\/div>\n<div class=\"form-field\">\n\t<p><label>Votre CV<\/label><span class=\"wpcf7-form-control-wrap\" data-name=\"your-cv\"><input size=\"40\" class=\"wpcf7-form-control wpcf7-file wpcf7-validates-as-required\" accept=\".pdf,.txt\" aria-required=\"true\" aria-invalid=\"false\" type=\"file\" name=\"your-cv\" \/><\/span>\n\t<\/p>\n<\/div>\n<div class=\"form-submit\">\n\t<p><button type=\"submit\" class=\"wpcf7-form-control has-spinner wpcf7-submit\">Postuler<\/button>\n\t<\/p>\n<\/div><input type='hidden' class='wpcf7-pum' value='{\"closepopup\":false,\"closedelay\":0,\"openpopup\":false,\"openpopup_id\":0}' \/><div class=\"wpcf7-response-output\" aria-hidden=\"true\"><\/div>\n<input type=\"hidden\" name=\"trp-form-language\" value=\"fr\"\/><\/form>\n<\/div>\n<\/div>\n\t\t\t\t\t\t<\/div>\n\t\t\t\t<\/div>\n\t\t\t\t\t<\/div>\n\t\t<\/div>\n\t\t\t\t\t<\/div>\n\t\t<\/section>\n\t\t\t\t\t<\/div>\n\t\t<\/div>\n\t\t\t\t\t<\/div>\n\t\t<\/section>\n\t\t\t\t<section class=\"elementor-section elementor-top-section elementor-element elementor-element-caff448 elementor-section-stretched elementor-section-boxed elementor-section-height-default elementor-section-height-default\" data-id=\"caff448\" data-element_type=\"section\" data-settings=\"{&quot;stretch_section&quot;:&quot;section-stretched&quot;,&quot;background_background&quot;:&quot;classic&quot;}\">\n\t\t\t\t\t\t<div class=\"elementor-container elementor-column-gap-default\">\n\t\t\t\t\t<div class=\"elementor-column elementor-col-100 elementor-top-column elementor-element elementor-element-7f36250\" data-id=\"7f36250\" data-element_type=\"column\">\n\t\t\t<div class=\"elementor-widget-wrap elementor-element-populated\">\n\t\t\t\t\t\t<section class=\"elementor-section elementor-inner-section elementor-element elementor-element-7706098 elementor-section-content-middle elementor-section-boxed elementor-section-height-default elementor-section-height-default\" data-id=\"7706098\" data-element_type=\"section\">\n\t\t\t\t\t\t<div class=\"elementor-container elementor-column-gap-default\">\n\t\t\t\t\t<div class=\"elementor-column elementor-col-100 elementor-inner-column elementor-element elementor-element-4d06328\" data-id=\"4d06328\" data-element_type=\"column\">\n\t\t\t<div class=\"elementor-widget-wrap elementor-element-populated\">\n\t\t\t\t\t\t<div class=\"elementor-element elementor-element-f38bcf9 elementor-widget elementor-widget-heading\" data-id=\"f38bcf9\" data-element_type=\"widget\" data-widget_type=\"heading.default\">\n\t\t\t\t<div class=\"elementor-widget-container\">\n\t\t\t\t\t<h3 class=\"elementor-heading-title elementor-size-default\">Qui sommes-nous ?<\/h3>\t\t\t\t<\/div>\n\t\t\t\t<\/div>\n\t\t\t\t<div class=\"elementor-element elementor-element-9603717 elementor-hidden-desktop elementor-hidden-tablet elementor-hidden-mobile elementor-widget elementor-widget-heading\" data-id=\"9603717\" data-element_type=\"widget\" data-no-translation=\"\" data-widget_type=\"heading.default\">\n\t\t\t\t<div class=\"elementor-widget-container\">\n\t\t\t\t\t<h3 class=\"elementor-heading-title elementor-size-default\">Qui sommes-nous?<\/h3>\t\t\t\t<\/div>\n\t\t\t\t<\/div>\n\t\t\t\t<div class=\"elementor-element elementor-element-cdb60a3 elementor-widget elementor-widget-text-editor\" data-id=\"cdb60a3\" data-element_type=\"widget\" data-widget_type=\"text-editor.default\">\n\t\t\t\t<div class=\"elementor-widget-container\">\n\t\t\t\t\t\t\t\t\t<p>Delipop propose une solution r\u00e9volutionnaire de retrait de courses alimentaires gr\u00e2ce \u00e0 des casiers automatis\u00e9s et mutualis\u00e9s au coeur des centres-villes. Notre approche unique, ax\u00e9e sur la mutualisation des acteurs de la distribution alimentaire, transforme radicalement la mani\u00e8re dont les consommateurs font leurs achats et contribue \u00e0 une logistique plus durable.<\/p>\t\t\t\t\t\t\t\t<\/div>\n\t\t\t\t<\/div>\n\t\t\t\t<div class=\"elementor-element elementor-element-db43182 elementor-widget elementor-widget-heading\" data-id=\"db43182\" data-element_type=\"widget\" data-widget_type=\"heading.default\">\n\t\t\t\t<div class=\"elementor-widget-container\">\n\t\t\t\t\t<h3 class=\"elementor-heading-title elementor-size-default\">Pourquoi nous rejoindre ?<\/h3>\t\t\t\t<\/div>\n\t\t\t\t<\/div>\n\t\t\t\t<div class=\"elementor-element elementor-element-f483fb5 elementor-widget elementor-widget-text-editor\" data-id=\"f483fb5\" data-element_type=\"widget\" data-widget_type=\"text-editor.default\">\n\t\t\t\t<div class=\"elementor-widget-container\">\n\t\t\t\t\t\t\t\t\t<ul><li><strong>Innovation :<\/strong> Chez Delipop, l'innovation est dans notre ADN. Vous aurez l'opportunit\u00e9 de travailler sur des solutions novatrices qui r\u00e9pondent aux d\u00e9fis de la distribution alimentaire urbaine d'aujourd'hui.<\/li><li><strong>Durabilit\u00e9 :<\/strong> Nous sommes fiers de notre engagement envers l'environnement. En rejoignant Delipop, vous serez un acteur cl\u00e9 dans la r\u00e9duction des \u00e9missions de gaz \u00e0 effet de serre et dans la cr\u00e9ation d'une logistique plus respectueuse de la plan\u00e8te.<\/li><li><strong>Collaboration :<\/strong> Notre mod\u00e8le repose sur la collaboration avec de grandes enseignes de distribution, des acteurs du e-commerce et des marchands locaux. Vous travaillerez en \u00e9quipe, collaborant avec des partenaires vari\u00e9s pour relever des d\u00e9fis stimulants.<\/li><li><strong>Expansion :<\/strong> Nous aspirons \u00e0 \u00e9tendre notre r\u00e9seau dans Paris et en province, offrant des opportunit\u00e9s de carri\u00e8re passionnantes et \u00e9volutives.<\/li><\/ul>\t\t\t\t\t\t\t\t<\/div>\n\t\t\t\t<\/div>\n\t\t\t\t<div class=\"elementor-element elementor-element-ef5efed elementor-widget elementor-widget-heading\" data-id=\"ef5efed\" data-element_type=\"widget\" data-widget_type=\"heading.default\">\n\t\t\t\t<div class=\"elementor-widget-container\">\n\t\t\t\t\t<h3 class=\"elementor-heading-title elementor-size-default\">Rejoignez-nous !<\/h3>\t\t\t\t<\/div>\n\t\t\t\t<\/div>\n\t\t\t\t<div class=\"elementor-element elementor-element-e0ba0d5 elementor-widget elementor-widget-text-editor\" data-id=\"e0ba0d5\" data-element_type=\"widget\" data-widget_type=\"text-editor.default\">\n\t\t\t\t<div class=\"elementor-widget-container\">\n\t\t\t\t\t\t\t\t\t<p>Si vous \u00eates passionn\u00e9 par l'innovation, la durabilit\u00e9, et que vous souhaitez contribuer \u00e0 la transformation de la distribution alimentaire urbaine, Delipop est l'endroit o\u00f9 vous pouvez donner vie \u00e0 vos ambitions.<\/p><p>Postulez d\u00e8s maintenant et faites partie de notre \u00e9quipe dynamique qui repousse les limites de la distribution alimentaire urbaine tout en construisant un avenir plus durable.<\/p>\t\t\t\t\t\t\t\t<\/div>\n\t\t\t\t<\/div>\n\t\t\t\t\t<\/div>\n\t\t<\/div>\n\t\t\t\t\t<\/div>\n\t\t<\/section>\n\t\t\t\t\t<\/div>\n\t\t<\/div>\n\t\t\t\t\t<\/div>\n\t\t<\/section>\n\t\t\t\t<\/div>","protected":false},"excerpt":{"rendered":"<p>Join Delipop and be part of Innovation! At Delipop, we are much more than food pick-up points. We are pioneers of innovation, advocates of sustainability and creators of changes. If you are looking for a career that has a real impact on the cities of tomorrow, look no further. Apply \u2192 Thinking about working for&hellip;&nbsp;<a href=\"https:\/\/delipop.fwch.pl\/fr\/career\/\" class=\"\" rel=\"bookmark\">Lire la suite &raquo;<span class=\"screen-reader-text\">Carri\u00e8re<\/span><\/a><\/p>","protected":false},"author":1,"featured_media":0,"parent":0,"menu_order":0,"comment_status":"closed","ping_status":"closed","template":"elementor_header_footer","meta":{"inline_featured_image":false,"neve_meta_sidebar":"","neve_meta_container":"","neve_meta_enable_content_width":"","neve_meta_content_width":0,"neve_meta_title_alignment":"","neve_meta_author_avatar":"","neve_post_elements_order":"","neve_meta_disable_header":"","neve_meta_disable_footer":"","neve_meta_disable_title":"","footnotes":""},"_links":{"self":[{"href":"https:\/\/delipop.fwch.pl\/fr\/wp-json\/wp\/v2\/pages\/740"}],"collection":[{"href":"https:\/\/delipop.fwch.pl\/fr\/wp-json\/wp\/v2\/pages"}],"about":[{"href":"https:\/\/delipop.fwch.pl\/fr\/wp-json\/wp\/v2\/types\/page"}],"author":[{"embeddable":true,"href":"https:\/\/delipop.fwch.pl\/fr\/wp-json\/wp\/v2\/users\/1"}],"replies":[{"embeddable":true,"href":"https:\/\/delipop.fwch.pl\/fr\/wp-json\/wp\/v2\/comments?post=740"}],"version-history":[{"count":47,"href":"https:\/\/delipop.fwch.pl\/fr\/wp-json\/wp\/v2\/pages\/740\/revisions"}],"predecessor-version":[{"id":9759,"href":"https:\/\/delipop.fwch.pl\/fr\/wp-json\/wp\/v2\/pages\/740\/revisions\/9759"}],"wp:attachment":[{"href":"https:\/\/delipop.fwch.pl\/fr\/wp-json\/wp\/v2\/media?parent=740"}],"curies":[{"name":"wp","href":"https:\/\/api.w.org\/{rel}","templated":true}]}}