{"id":8477,"date":"2024-03-13T16:13:05","date_gmt":"2024-03-13T15:13:05","guid":{"rendered":"https:\/\/delipop.fwch.pl\/?page_id=8477"},"modified":"2024-03-13T16:16:54","modified_gmt":"2024-03-13T15:16:54","slug":"legal-notices","status":"publish","type":"page","link":"https:\/\/delipop.fwch.pl\/fr\/legal-notices\/","title":{"rendered":"Mentions l\u00e9gales"},"content":{"rendered":"<div data-elementor-type=\"wp-page\" data-elementor-id=\"8477\" class=\"elementor elementor-8477\">\n\t\t\t\t\t\t<section class=\"elementor-section elementor-top-section elementor-element elementor-element-b877294 elementor-section-stretched elementor-section-boxed elementor-section-height-default elementor-section-height-default\" data-id=\"b877294\" data-element_type=\"section\" data-settings=\"{&quot;stretch_section&quot;:&quot;section-stretched&quot;,&quot;background_background&quot;:&quot;classic&quot;}\">\n\t\t\t\t\t\t<div class=\"elementor-container elementor-column-gap-default\">\n\t\t\t\t\t<div class=\"elementor-column elementor-col-100 elementor-top-column elementor-element elementor-element-cefa64e\" data-id=\"cefa64e\" data-element_type=\"column\">\n\t\t\t<div class=\"elementor-widget-wrap elementor-element-populated\">\n\t\t\t\t\t\t<section class=\"elementor-section elementor-inner-section elementor-element elementor-element-106da4c elementor-section-full_width elementor-reverse-mobile elementor-section-height-default elementor-section-height-default\" data-id=\"106da4c\" data-element_type=\"section\">\n\t\t\t\t\t\t<div class=\"elementor-container elementor-column-gap-default\">\n\t\t\t\t\t<div class=\"elementor-column elementor-col-50 elementor-inner-column elementor-element elementor-element-2db1f9e\" data-id=\"2db1f9e\" data-element_type=\"column\">\n\t\t\t<div class=\"elementor-widget-wrap elementor-element-populated\">\n\t\t\t\t\t\t<div class=\"elementor-element elementor-element-d4844bd elementor-widget elementor-widget-heading\" data-id=\"d4844bd\" data-element_type=\"widget\" data-widget_type=\"heading.default\">\n\t\t\t\t<div class=\"elementor-widget-container\">\n\t\t\t\t\t<h1 class=\"elementor-heading-title elementor-size-default\">Mentions<\/h1>\t\t\t\t<\/div>\n\t\t\t\t<\/div>\n\t\t\t\t<div class=\"elementor-element elementor-element-2778ffb elementor-widget elementor-widget-heading\" data-id=\"2778ffb\" data-element_type=\"widget\" data-widget_type=\"heading.default\">\n\t\t\t\t<div class=\"elementor-widget-container\">\n\t\t\t\t\t<h2 class=\"elementor-heading-title elementor-size-default\">l\u00e9gales<\/h2>\t\t\t\t<\/div>\n\t\t\t\t<\/div>\n\t\t\t\t\t<\/div>\n\t\t<\/div>\n\t\t\t\t<div class=\"elementor-column elementor-col-50 elementor-inner-column elementor-element elementor-element-6b440d3\" data-id=\"6b440d3\" data-element_type=\"column\">\n\t\t\t<div class=\"elementor-widget-wrap elementor-element-populated\">\n\t\t\t\t\t\t<div class=\"elementor-element elementor-element-3636c6f elementor-widget elementor-widget-image\" data-id=\"3636c6f\" data-element_type=\"widget\" data-widget_type=\"image.default\">\n\t\t\t\t<div class=\"elementor-widget-container\">\n\t\t\t\t\t\t\t\t\t\t\t\t\t\t\t<img fetchpriority=\"high\" decoding=\"async\" width=\"436\" height=\"367\" src=\"https:\/\/delipop.fwch.pl\/wp-content\/uploads\/2021\/09\/Group-1494.png\" class=\"attachment-large size-large wp-image-1375\" alt=\"\" srcset=\"https:\/\/delipop.fwch.pl\/wp-content\/uploads\/2021\/09\/Group-1494.png 436w, https:\/\/delipop.fwch.pl\/wp-content\/uploads\/2021\/09\/Group-1494-300x253.png 300w, https:\/\/delipop.fwch.pl\/wp-content\/uploads\/2021\/09\/Group-1494-14x12.png 14w, https:\/\/delipop.fwch.pl\/wp-content\/uploads\/2021\/09\/Group-1494-14x12@2x.png 28w\" sizes=\"(max-width: 436px) 100vw, 436px\" \/>\t\t\t\t\t\t\t\t\t\t\t\t\t\t\t<\/div>\n\t\t\t\t<\/div>\n\t\t\t\t\t<\/div>\n\t\t<\/div>\n\t\t\t\t\t<\/div>\n\t\t<\/section>\n\t\t\t\t<div class=\"elementor-element elementor-element-d378b31 elementor-widget elementor-widget-heading\" data-id=\"d378b31\" data-element_type=\"widget\" data-no-translation=\"\" data-widget_type=\"heading.default\">\n\t\t\t\t<div class=\"elementor-widget-container\">\n\t\t\t\t\t<h3 class=\"elementor-heading-title elementor-size-default\">\u00c9diteurs du site<\/h3>\t\t\t\t<\/div>\n\t\t\t\t<\/div>\n\t\t\t\t<div class=\"elementor-element elementor-element-d5064e4 elementor-widget elementor-widget-text-editor\" data-id=\"d5064e4\" data-element_type=\"widget\" data-no-translation=\"\" data-widget_type=\"text-editor.default\">\n\t\t\t\t<div class=\"elementor-widget-container\">\n\t\t\t\t\t\t\t\t\t<p>DFR, SAS, soci\u00e9t\u00e9 par actions simplifi\u00e9e, au capital de 9 000 000,00 \u20ac<br \/>31 RUE DE CONSTANTINOPLE 75008 PARIS<br \/>Tel. (01 47 39 57 47) \/ Mail de contact (contact@delipop.com)<br \/>899 894 679 R.C.S. Paris \u2013 N\u00b0 TVAFR31899894679<\/p>\t\t\t\t\t\t\t\t<\/div>\n\t\t\t\t<\/div>\n\t\t\t\t<div class=\"elementor-element elementor-element-5350bd9 elementor-widget elementor-widget-heading\" data-id=\"5350bd9\" data-element_type=\"widget\" data-no-translation=\"\" data-widget_type=\"heading.default\">\n\t\t\t\t<div class=\"elementor-widget-container\">\n\t\t\t\t\t<style>.elementor-element-5350bd9{display:none !important}<\/style>\t\t\t\t<\/div>\n\t\t\t\t<\/div>\n\t\t\t\t<div class=\"elementor-element elementor-element-5f88352 elementor-widget elementor-widget-text-editor\" data-id=\"5f88352\" data-element_type=\"widget\" data-no-translation=\"\" data-widget_type=\"text-editor.default\">\n\t\t\t\t<div class=\"elementor-widget-container\">\n\t\t\t\t\t<style>.elementor-element-5f88352{display:none !important}<\/style>\t\t\t\t<\/div>\n\t\t\t\t<\/div>\n\t\t\t\t\t<\/div>\n\t\t<\/div>\n\t\t\t\t\t<\/div>\n\t\t<\/section>\n\t\t\t\t<\/div>","protected":false},"excerpt":{"rendered":"<p>Legal notices DFR, SAS, soci\u00e9t\u00e9 par actions simplifi\u00e9e, au capital de 9 000 000,00 \u20ac31 RUE DE CONSTANTINOPLE 75008 PARISTel. (01 47 39 57 47) \/ Mail de contact (contact@delipop.com)899 894 679 R.C.S. Paris \u2013 N\u00b0 TVAFR31899894679 Site editors Fabryka w chmurach with a capital of \u20ac ????APE code ????? \u2013 VAT number: ?????Registered office:&hellip;&nbsp;<a href=\"https:\/\/delipop.fwch.pl\/fr\/legal-notices\/\" class=\"\" rel=\"bookmark\">Lire la suite &raquo;<span class=\"screen-reader-text\">Mentions l\u00e9gales<\/span><\/a><\/p>","protected":false},"author":1,"featured_media":0,"parent":0,"menu_order":0,"comment_status":"closed","ping_status":"closed","template":"page-templates\/template-pagebuilder-full-width.php","meta":{"inline_featured_image":false,"neve_meta_sidebar":"","neve_meta_container":"","neve_meta_enable_content_width":"","neve_meta_content_width":0,"neve_meta_title_alignment":"","neve_meta_author_avatar":"","neve_post_elements_order":"","neve_meta_disable_header":"","neve_meta_disable_footer":"","neve_meta_disable_title":"","footnotes":""},"_links":{"self":[{"href":"https:\/\/delipop.fwch.pl\/fr\/wp-json\/wp\/v2\/pages\/8477"}],"collection":[{"href":"https:\/\/delipop.fwch.pl\/fr\/wp-json\/wp\/v2\/pages"}],"about":[{"href":"https:\/\/delipop.fwch.pl\/fr\/wp-json\/wp\/v2\/types\/page"}],"author":[{"embeddable":true,"href":"https:\/\/delipop.fwch.pl\/fr\/wp-json\/wp\/v2\/users\/1"}],"replies":[{"embeddable":true,"href":"https:\/\/delipop.fwch.pl\/fr\/wp-json\/wp\/v2\/comments?post=8477"}],"version-history":[{"count":4,"href":"https:\/\/delipop.fwch.pl\/fr\/wp-json\/wp\/v2\/pages\/8477\/revisions"}],"predecessor-version":[{"id":8481,"href":"https:\/\/delipop.fwch.pl\/fr\/wp-json\/wp\/v2\/pages\/8477\/revisions\/8481"}],"wp:attachment":[{"href":"https:\/\/delipop.fwch.pl\/fr\/wp-json\/wp\/v2\/media?parent=8477"}],"curies":[{"name":"wp","href":"https:\/\/api.w.org\/{rel}","templated":true}]}}